{"id":2,"date":"2023-06-27T14:04:49","date_gmt":"2023-06-27T14:04:49","guid":{"rendered":"https:\/\/carlottaboifava.it\/?page_id=2"},"modified":"2023-06-28T17:06:14","modified_gmt":"2023-06-28T17:06:14","slug":"sample-page","status":"publish","type":"page","link":"https:\/\/carlottaboifava.it\/","title":{"rendered":"Cara Carlotta,"},"content":{"rendered":"\n<p>quest&#8217;anno, per te si \u00e8 concluso un ciclo importante, quello della scuola elementare e media. A settembre ti affaccerai ad una nuova esperienza nella scuola superiore che completer\u00e0 il tuo percorso formativo per poi, chiss\u00e0, farti approdare all&#8217;ultima tappa: quella dell&#8217;Universit\u00e0.<\/p>\n\n\n\n<p>E, in tutto questo percorso, non cresceranno solo le tue conoscenze e competenze ma tu stessa, un tempo bambina, ora ragazza, presto signorina e poi donna, crescerai in men che non si dica e diventerai forse una dottoressa, forse un architetto, forse una ballerina, &#8230; chi lo sa&#8230;.<\/p>\n\n\n\n<p>Per questo abbiamo pensato di regalarti questo sito cos\u00ec da riservare il nome &#8220;carlottaboifava.it&#8221; alla donna che un giorno sarai, qualsiasi sar\u00e0 la tua strada e il tuo sbocco per il futuro.<\/p>\n\n\n\n<p>Per noi sarai sempre la nostra nipotina, quella che ci ha fatto vivere, per qualche anno in pi\u00f9, il ruolo di genitori mentre i tuoi cugini Francesco e Marco diventavano ormai grandi.<\/p>\n\n\n\n<p>Con affetto<br>Zii Elena e Paolo<\/p>\n\n\n\n<p>P.S.: visto come sei stata brava con il tuo blog su New York, abbiamo deciso di pubblicarlo <a href=\"https:\/\/carlottaboifava.it\/newyork\/Home%20page.html\">qui<\/a>.<\/p>\n","protected":false},"excerpt":{"rendered":"<p>quest&#8217;anno, per te si \u00e8 concluso un ciclo importante, quello della scuola elementare e media. A settembre ti affaccerai ad una nuova esperienza nella scuola superiore che completer\u00e0 il tuo percorso formativo per poi, chiss\u00e0, farti approdare all&#8217;ultima tappa: quella dell&#8217;Universit\u00e0. E, in tutto questo percorso, non cresceranno solo le tue conoscenze e competenze ma [&hellip;]<\/p>\n","protected":false},"author":1,"featured_media":0,"parent":0,"menu_order":0,"comment_status":"closed","ping_status":"open","template":"","meta":{"footnotes":""},"_links":{"self":[{"href":"https:\/\/carlottaboifava.it\/index.php?rest_route=\/wp\/v2\/pages\/2"}],"collection":[{"href":"https:\/\/carlottaboifava.it\/index.php?rest_route=\/wp\/v2\/pages"}],"about":[{"href":"https:\/\/carlottaboifava.it\/index.php?rest_route=\/wp\/v2\/types\/page"}],"author":[{"embeddable":true,"href":"https:\/\/carlottaboifava.it\/index.php?rest_route=\/wp\/v2\/users\/1"}],"replies":[{"embeddable":true,"href":"https:\/\/carlottaboifava.it\/index.php?rest_route=%2Fwp%2Fv2%2Fcomments&post=2"}],"version-history":[{"count":6,"href":"https:\/\/carlottaboifava.it\/index.php?rest_route=\/wp\/v2\/pages\/2\/revisions"}],"predecessor-version":[{"id":14,"href":"https:\/\/carlottaboifava.it\/index.php?rest_route=\/wp\/v2\/pages\/2\/revisions\/14"}],"wp:attachment":[{"href":"https:\/\/carlottaboifava.it\/index.php?rest_route=%2Fwp%2Fv2%2Fmedia&parent=2"}],"curies":[{"name":"wp","href":"https:\/\/api.w.org\/{rel}","templated":true}]}}